{"id":1583,"date":"2020-01-30T16:37:49","date_gmt":"2020-01-30T15:37:49","guid":{"rendered":"https:\/\/topscorer.qodeinteractive.com\/?page_id=1583"},"modified":"2026-04-06T21:12:21","modified_gmt":"2026-04-07T00:12:21","slug":"nossa-history","status":"publish","type":"page","link":"https:\/\/mx1gpbrasil.alperprojetos.com.br\/index.php\/nossa-history\/","title":{"rendered":"Nossa Hist\u00f3ria"},"content":{"rendered":"<div class=\"wpb-content-wrapper\"><p>[vc_row content_placement=&#8221;middle&#8221; enable_dots_background=&#8221;yes&#8221; background_dots_align=&#8221;left-right&#8221; css=&#8221;.vc_custom_1775506551706{background-image: url(https:\/\/mx1gpbrasil.alperprojetos.com.br\/wp-content\/uploads\/2026\/04\/Design-sem-nome-2026-04-06T171536.092.png?id=3827) !important;background-position: center !important;background-repeat: no-repeat !important;background-size: contain !important;}&#8221; el_class=&#8221;our-awards-row&#8221; background_dots_top_position=&#8221;5%&#8221; background_dots_height=&#8221;95%&#8221;][vc_column css=&#8221;.vc_custom_1580393304559{padding-top: 0px !important;}&#8221;][vc_row_inner row_content_width=&#8221;grid&#8221; background_text_enable=&#8221;yes&#8221; background_text_align=&#8221;center&#8221; enable_dots_background=&#8221;no&#8221; background_text_vertical_align=&#8221;flex-start&#8221; background_text=&#8221;history&#8221; background_text_color=&#8221;#f7f7f7&#8243; background_text_size=&#8221;350px&#8221; background_text_top_position=&#8221;-2.5%&#8221;][vc_column_inner css=&#8221;.vc_custom_1580470132690{padding-top: 110px !important;padding-bottom: 85px !important;}&#8221;]<div class=\"qodef-shortcode qodef-m qodef-section-title qodef-alignment--center\">\n\t    <p class=\"qodef-m-subtitle\" style=\"color: #8c8c8c\">\n\t\tMotocross no Brasil    <\/p>\n\t\t<h2 class=\"qodef-m-title\" style=\"color: #000000;margin-top: -3px\">\n\t\t\t\t\tA Hist\u00f3ria e Evolu\u00e7\u00e3o\t\t\t<\/h2>\n\t<\/div>[vc_empty_space height=&#8221;64px&#8221;]<div class=\"qodef-shortcode qodef-m qodef-workflow\">\n\t        <div class=\"qodef-e-workflow-item\">\n            <div class=\"qodef-e-workflow-text\">\n                <h4 class=\"qodef-e-title\">O In\u00edcio e a Paix\u00e3o<\/h4>\n\t\t\t\t                    <p class=\"qodef-e-text\">Nascido nas trilhas brasileiras na d\u00e9cada de 70, o motocross rapidamente conquistou o cora\u00e7\u00e3o dos amantes da velocidade e da aventura. Os anos 80 marcaram o in\u00edcio de grandes campeonatos, impulsionando o esporte a novos patamares.<\/p>\n\t\t\t\t            <\/div>\n            <div class=\"qodef-e-workflow-date\">\n\t\t\t\t                    <p class=\"qodef-e-date\">Anos 70 e 80<\/p>\n\t\t\t\t            <\/div>\n        <\/div>\n\t        <div class=\"qodef-e-workflow-item\">\n            <div class=\"qodef-e-workflow-text\">\n                <h4 class=\"qodef-e-title\">Profissionaliza\u00e7\u00e3o e Cen\u00e1rio Mundial<\/h4>\n\t\t\t\t                    <p class=\"qodef-e-text\">A profissionaliza\u00e7\u00e3o do Campeonato Brasileiro nos anos 90 trouxe novas categorias, diversificando as competi\u00e7\u00f5es. Entre o final da d\u00e9cada e o in\u00edcio dos anos 2000, a chegada dos Mundiais de Motocross trouxe reconhecimento internacional \u00e0 modalidade no pa\u00eds.<\/p>\n\t\t\t\t            <\/div>\n            <div class=\"qodef-e-workflow-date\">\n\t\t\t\t                    <p class=\"qodef-e-date\">Anos 90 e 2000<\/p>\n\t\t\t\t            <\/div>\n        <\/div>\n\t        <div class=\"qodef-e-workflow-item\">\n            <div class=\"qodef-e-workflow-text\">\n                <h4 class=\"qodef-e-title\">Resili\u00eancia e Crescimento<\/h4>\n\t\t\t\t                    <p class=\"qodef-e-text\">Apesar dos desafios internos enfrentados pela Confedera\u00e7\u00e3o Brasileira de Motociclismo (CBM) \u2014 que geraram a prolifera\u00e7\u00e3o de ligas independentes \u2014, o esporte se reinventou. A d\u00e9cada foi marcada por uma grande revitaliza\u00e7\u00e3o, consolidando o motocross brasileiro como o maior da Am\u00e9rica Latina, o segundo maior das Am\u00e9ricas e o terceiro maior do mundo.<\/p>\n\t\t\t\t            <\/div>\n            <div class=\"qodef-e-workflow-date\">\n\t\t\t\t                    <p class=\"qodef-e-date\">Anos 2010<\/p>\n\t\t\t\t            <\/div>\n        <\/div>\n\t        <div class=\"qodef-e-workflow-item\">\n            <div class=\"qodef-e-workflow-text\">\n                <h4 class=\"qodef-e-title\">For\u00e7a na Adversidade<\/h4>\n\t\t\t\t                    <p class=\"qodef-e-text\">A pandemia da COVID-19 n\u00e3o foi capaz de abalar a paix\u00e3o de pilotos e f\u00e3s. Pelo contr\u00e1rio, o esporte se fortaleceu, realizando diversas competi\u00e7\u00f5es e atraindo uma nova gera\u00e7\u00e3o de talentos.<\/p>\n\t\t\t\t            <\/div>\n            <div class=\"qodef-e-workflow-date\">\n\t\t\t\t                    <p class=\"qodef-e-date\">2020<\/p>\n\t\t\t\t            <\/div>\n        <\/div>\n\t        <div class=\"qodef-e-workflow-item\">\n            <div class=\"qodef-e-workflow-text\">\n                <h4 class=\"qodef-e-title\">Novo Polo Mundial<\/h4>\n\t\t\t\t                    <p class=\"qodef-e-text\">O motocross brasileiro deu um salto definitivo de profissionaliza\u00e7\u00e3o com a CBM credenciando uma promotora oficial para o Campeonato Brasileiro. O sucesso absoluto da temporada consolidou o Brasil como um polo mundial. Movido pela inova\u00e7\u00e3o e por uma legi\u00e3o de f\u00e3s, o esporte promete d\u00e9cadas ainda mais eletrizantes, com novas tecnologias e alto n\u00edvel de competitividade.<\/p>\n\t\t\t\t            <\/div>\n            <div class=\"qodef-e-workflow-date\">\n\t\t\t\t                    <p class=\"qodef-e-date\">2024 e o Futuro<\/p>\n\t\t\t\t            <\/div>\n        <\/div>\n\t<\/div>[\/vc_column_inner][\/vc_row_inner][\/vc_column][\/vc_row][vc_row css=&#8221;.vc_custom_1775520716967{background-color: #4D921A !important;}&#8221;][vc_column css=&#8221;.vc_custom_1578487253728{padding-top: 70px !important;padding-bottom: 70px !important;}&#8221; column_responsive_padding_680=&#8221;103px 15px&#8221;][vc_row_inner][vc_column_inner css=&#8221;.vc_custom_1578487158210{padding-right: 14.5% !important;padding-left: 13.5% !important;}&#8221; column_responsive_padding_1440=&#8221;0px 0.5%&#8221; column_responsive_padding_1024=&#8221;0px 8%&#8221;]<div class=\"qodef-shortcode qodef-m qodef-clients-list qodef-grid qodef-layout--columns qodef-gutter--no qodef-col-num--5 qodef-item-layout--image-only qodef-responsive--custom qodef-col-num--1440--5 qodef-col-num--1366--5 qodef-col-num--1024--3 qodef-col-num--768--3 qodef-col-num--680--1 qodef-col-num--480--1 qodef-hover-animation--move\">\n\t<div class=\"qodef-grid-inner clear\">\n\t\t<span class=\"qodef-e qodef-grid-item\">\n\t<span class=\"qodef-e-inner\">\n\t\t\t<span class=\"qodef-e-image\">\n\t\t\t\t\t<a itemprop=\"url\" href=\"#\" target=\"_blank\">\n\t\t\t\t\t\t\t<span class=\"qodef-e-logo\">\n\t\t\t\t<img loading=\"lazy\" decoding=\"async\" width=\"180\" height=\"150\" src=\"https:\/\/mx1gpbrasil.alperprojetos.com.br\/wp-content\/uploads\/2020\/01\/client-1.png\" class=\"attachment-full size-full\" alt=\"a\" srcset=\"https:\/\/mx1gpbrasil.alperprojetos.com.br\/wp-content\/uploads\/2020\/01\/client-1.png 180w, https:\/\/mx1gpbrasil.alperprojetos.com.br\/wp-content\/uploads\/2020\/01\/client-1-128x107.png 128w, https:\/\/mx1gpbrasil.alperprojetos.com.br\/wp-content\/uploads\/2020\/01\/client-1-32x27.png 32w\" sizes=\"auto, (max-width: 180px) 100vw, 180px\" \/>\t\t\t<\/span>\n\t\t\t\t\t\t\t<\/a>\n\t\t\t<\/span>\n\t<\/span>\n<\/span><span class=\"qodef-e qodef-grid-item\">\n\t<span class=\"qodef-e-inner\">\n\t\t\t<span class=\"qodef-e-image\">\n\t\t\t\t\t<a itemprop=\"url\" href=\"#\" target=\"_blank\">\n\t\t\t\t\t\t\t<span class=\"qodef-e-logo\">\n\t\t\t\t<img loading=\"lazy\" decoding=\"async\" width=\"180\" height=\"150\" src=\"https:\/\/mx1gpbrasil.alperprojetos.com.br\/wp-content\/uploads\/2020\/01\/client-2.png\" class=\"attachment-full size-full\" alt=\"a\" srcset=\"https:\/\/mx1gpbrasil.alperprojetos.com.br\/wp-content\/uploads\/2020\/01\/client-2.png 180w, https:\/\/mx1gpbrasil.alperprojetos.com.br\/wp-content\/uploads\/2020\/01\/client-2-128x107.png 128w, https:\/\/mx1gpbrasil.alperprojetos.com.br\/wp-content\/uploads\/2020\/01\/client-2-32x27.png 32w\" sizes=\"auto, (max-width: 180px) 100vw, 180px\" \/>\t\t\t<\/span>\n\t\t\t\t\t\t\t<\/a>\n\t\t\t<\/span>\n\t<\/span>\n<\/span><span class=\"qodef-e qodef-grid-item\">\n\t<span class=\"qodef-e-inner\">\n\t\t\t<span class=\"qodef-e-image\">\n\t\t\t\t\t<a itemprop=\"url\" href=\"#\" target=\"_blank\">\n\t\t\t\t\t\t\t<span class=\"qodef-e-logo\">\n\t\t\t\t<img loading=\"lazy\" decoding=\"async\" width=\"180\" height=\"150\" src=\"https:\/\/mx1gpbrasil.alperprojetos.com.br\/wp-content\/uploads\/2020\/01\/client-3.png\" class=\"attachment-full size-full\" alt=\"a\" srcset=\"https:\/\/mx1gpbrasil.alperprojetos.com.br\/wp-content\/uploads\/2020\/01\/client-3.png 180w, https:\/\/mx1gpbrasil.alperprojetos.com.br\/wp-content\/uploads\/2020\/01\/client-3-128x107.png 128w, https:\/\/mx1gpbrasil.alperprojetos.com.br\/wp-content\/uploads\/2020\/01\/client-3-32x27.png 32w\" sizes=\"auto, (max-width: 180px) 100vw, 180px\" \/>\t\t\t<\/span>\n\t\t\t\t\t\t\t<\/a>\n\t\t\t<\/span>\n\t<\/span>\n<\/span><span class=\"qodef-e qodef-grid-item\">\n\t<span class=\"qodef-e-inner\">\n\t\t\t<span class=\"qodef-e-image\">\n\t\t\t\t\t<a itemprop=\"url\" href=\"#\" target=\"_blank\">\n\t\t\t\t\t\t\t<span class=\"qodef-e-logo\">\n\t\t\t\t<img loading=\"lazy\" decoding=\"async\" width=\"180\" height=\"150\" src=\"https:\/\/mx1gpbrasil.alperprojetos.com.br\/wp-content\/uploads\/2020\/01\/client-4.png\" class=\"attachment-full size-full\" alt=\"a\" srcset=\"https:\/\/mx1gpbrasil.alperprojetos.com.br\/wp-content\/uploads\/2020\/01\/client-4.png 180w, https:\/\/mx1gpbrasil.alperprojetos.com.br\/wp-content\/uploads\/2020\/01\/client-4-128x107.png 128w, https:\/\/mx1gpbrasil.alperprojetos.com.br\/wp-content\/uploads\/2020\/01\/client-4-32x27.png 32w\" sizes=\"auto, (max-width: 180px) 100vw, 180px\" \/>\t\t\t<\/span>\n\t\t\t\t\t\t\t<\/a>\n\t\t\t<\/span>\n\t<\/span>\n<\/span><span class=\"qodef-e qodef-grid-item\">\n\t<span class=\"qodef-e-inner\">\n\t\t\t<span class=\"qodef-e-image\">\n\t\t\t\t\t<a itemprop=\"url\" href=\"#\" target=\"_blank\">\n\t\t\t\t\t\t\t<span class=\"qodef-e-logo\">\n\t\t\t\t<img loading=\"lazy\" decoding=\"async\" width=\"180\" height=\"150\" src=\"https:\/\/mx1gpbrasil.alperprojetos.com.br\/wp-content\/uploads\/2020\/01\/client-5.png\" class=\"attachment-full size-full\" alt=\"a\" srcset=\"https:\/\/mx1gpbrasil.alperprojetos.com.br\/wp-content\/uploads\/2020\/01\/client-5.png 180w, https:\/\/mx1gpbrasil.alperprojetos.com.br\/wp-content\/uploads\/2020\/01\/client-5-128x107.png 128w, https:\/\/mx1gpbrasil.alperprojetos.com.br\/wp-content\/uploads\/2020\/01\/client-5-32x27.png 32w\" sizes=\"auto, (max-width: 180px) 100vw, 180px\" \/>\t\t\t<\/span>\n\t\t\t\t\t\t\t<\/a>\n\t\t\t<\/span>\n\t<\/span>\n<\/span>\t<\/div>\n<\/div>[\/vc_column_inner][\/vc_row_inner][\/vc_column][\/vc_row]<\/p>\n<\/div>","protected":false},"excerpt":{"rendered":"<p>[vc_row content_placement=&#8221;middle&#8221; enable_dots_background=&#8221;yes&#8221; background_dots_align=&#8221;left-right&#8221; css=&#8221;.vc_custom_1775506551706{background-image: url(https:\/\/mx1gpbrasil.alperprojetos.com.br\/wp-content\/uploads\/2026\/04\/Design-sem-nome-2026-04-06T171536.092.png?id=3827) !important;background-position: center !important;background-repeat: no-repeat !important;background-size: contain !important;}&#8221; el_class=&#8221;our-awards-row&#8221; background_dots_top_position=&#8221;5%&#8221; background_dots_height=&#8221;95%&#8221;][vc_column css=&#8221;.vc_custom_1580393304559{padding-top: 0px !important;}&#8221;][vc_row_inner row_content_width=&#8221;grid&#8221; background_text_enable=&#8221;yes&#8221; background_text_align=&#8221;center&#8221; enable_dots_background=&#8221;no&#8221; background_text_vertical_align=&#8221;flex-start&#8221; background_text=&#8221;history&#8221; background_text_color=&#8221;#f7f7f7&#8243; background_text_size=&#8221;350px&#8221; background_text_top_position=&#8221;-2.5%&#8221;][vc_column_inner css=&#8221;.vc_custom_1580470132690{padding-top: 110px !important;padding-bottom: 85px !important;}&#8221;][vc_empty_space height=&#8221;64px&#8221;][\/vc_column_inner][\/vc_row_inner][\/vc_column][\/vc_row][vc_row css=&#8221;.vc_custom_1775520716967{background-color: #4D921A !important;}&#8221;][vc_column css=&#8221;.vc_custom_1578487253728{padding-top: 70px !important;padding-bottom: 70px !important;}&#8221; column_responsive_padding_680=&#8221;103px 15px&#8221;][vc_row_inner][vc_column_inner css=&#8221;.vc_custom_1578487158210{padding-right: 14.5% !important;padding-left: 13.5% !important;}&#8221; column_responsive_padding_1440=&#8221;0px 0.5%&#8221; column_responsive_padding_1024=&#8221;0px 8%&#8221;][\/vc_column_inner][\/vc_row_inner][\/vc_column][\/vc_row]<\/p>\n","protected":false},"author":1,"featured_media":0,"parent":0,"menu_order":0,"comment_status":"closed","ping_status":"closed","template":"page-full-width.php","meta":{"footnotes":""},"class_list":["post-1583","page","type-page","status-publish","hentry"],"_links":{"self":[{"href":"https:\/\/mx1gpbrasil.alperprojetos.com.br\/index.php\/wp-json\/wp\/v2\/pages\/1583","targetHints":{"allow":["GET"]}}],"collection":[{"href":"https:\/\/mx1gpbrasil.alperprojetos.com.br\/index.php\/wp-json\/wp\/v2\/pages"}],"about":[{"href":"https:\/\/mx1gpbrasil.alperprojetos.com.br\/index.php\/wp-json\/wp\/v2\/types\/page"}],"author":[{"embeddable":true,"href":"https:\/\/mx1gpbrasil.alperprojetos.com.br\/index.php\/wp-json\/wp\/v2\/users\/1"}],"replies":[{"embeddable":true,"href":"https:\/\/mx1gpbrasil.alperprojetos.com.br\/index.php\/wp-json\/wp\/v2\/comments?post=1583"}],"version-history":[{"count":6,"href":"https:\/\/mx1gpbrasil.alperprojetos.com.br\/index.php\/wp-json\/wp\/v2\/pages\/1583\/revisions"}],"predecessor-version":[{"id":3882,"href":"https:\/\/mx1gpbrasil.alperprojetos.com.br\/index.php\/wp-json\/wp\/v2\/pages\/1583\/revisions\/3882"}],"wp:attachment":[{"href":"https:\/\/mx1gpbrasil.alperprojetos.com.br\/index.php\/wp-json\/wp\/v2\/media?parent=1583"}],"curies":[{"name":"wp","href":"https:\/\/api.w.org\/{rel}","templated":true}]}}