{"id":387,"date":"2020-01-10T12:05:24","date_gmt":"2020-01-10T11:05:24","guid":{"rendered":"https:\/\/topscorer.qodeinteractive.com\/?page_id=387"},"modified":"2026-04-06T17:28:49","modified_gmt":"2026-04-06T20:28:49","slug":"noticias","status":"publish","type":"page","link":"https:\/\/mx1gpbrasil.alperprojetos.com.br\/index.php\/noticias\/","title":{"rendered":"Not\u00edcias"},"content":{"rendered":"<div class=\"wpb-content-wrapper\"><p>[vc_row][vc_column css=&#8221;.vc_custom_1584115011375{padding-bottom: 0px !important;}&#8221; column_responsive_padding_1440=&#8221;0 15px 40px&#8221;]<div class=\"qodef-shortcode qodef-m qodef-blog qodef--list qodef-item-layout--standard qodef-grid qodef-layout--columns qodef-gutter--normal qodef-col-num--2 qodef-item-layout--standard qodef-pagination--on qodef-pagination-type--standard qodef-responsive--predefined\" data-options=\"{&quot;plugin&quot;:&quot;topscorer_core&quot;,&quot;module&quot;:&quot;blog\\\/shortcodes&quot;,&quot;shortcode&quot;:&quot;blog-list&quot;,&quot;post_type&quot;:&quot;post&quot;,&quot;next_page&quot;:&quot;2&quot;,&quot;max_pages_num&quot;:1,&quot;behavior&quot;:&quot;columns&quot;,&quot;images_proportion&quot;:&quot;full&quot;,&quot;columns&quot;:&quot;2&quot;,&quot;space&quot;:&quot;normal&quot;,&quot;columns_responsive&quot;:&quot;predefined&quot;,&quot;columns_1440&quot;:&quot;3&quot;,&quot;columns_1366&quot;:&quot;3&quot;,&quot;columns_1024&quot;:&quot;3&quot;,&quot;columns_768&quot;:&quot;3&quot;,&quot;columns_680&quot;:&quot;3&quot;,&quot;columns_480&quot;:&quot;3&quot;,&quot;posts_per_page&quot;:&quot;10&quot;,&quot;orderby&quot;:&quot;date&quot;,&quot;order&quot;:&quot;ASC&quot;,&quot;additional_params&quot;:&quot;tax&quot;,&quot;tax&quot;:&quot;post_tag&quot;,&quot;layout&quot;:&quot;standard&quot;,&quot;title_tag&quot;:&quot;h3&quot;,&quot;enable_share_on_blog_list&quot;:&quot;no&quot;,&quot;pagination_type&quot;:&quot;standard&quot;,&quot;object_class_name&quot;:&quot;TopScorerCoreBlogListShortcode&quot;,&quot;taxonomy_filter&quot;:&quot;category&quot;,&quot;additional_query_args&quot;:[],&quot;unique&quot;:7534,&quot;space_value&quot;:15}\">\n\t\t<div class=\"qodef-grid-inner clear\">\n\t\t<article class=\"qodef-e qodef-grid-item qodef-item--full post-544 post type-post status-publish format-standard has-post-thumbnail hentry category-em-alta-no-campeonato category-noticias trending-mx1-gp-brasil\">\n    <div class=\"qodef-e-inner\">\n        <div class=\"qodef-e-media\">\n\t\t<div class=\"qodef-e-media-image\">\n\t\t\t\t\t<a itemprop=\"url\" href=\"https:\/\/mx1gpbrasil.alperprojetos.com.br\/index.php\/2020\/01\/17\/calendario-oficial-do-mx1-gp-brasil-sportbay\/\" title=\"Promox divulga calend\u00e1rio oficial do MX1 GP Brasil Sportbay com 10 etapas distribu\u00eddas em todas as regi\u00f5es do Brasil\">\n\t\t\t\t\t<img loading=\"lazy\" decoding=\"async\" width=\"1080\" height=\"1350\" src=\"https:\/\/mx1gpbrasil.alperprojetos.com.br\/wp-content\/uploads\/2020\/01\/Events-for-this-Week-3.png\" class=\"attachment-full size-full wp-post-image\" alt=\"\" srcset=\"https:\/\/mx1gpbrasil.alperprojetos.com.br\/wp-content\/uploads\/2020\/01\/Events-for-this-Week-3.png 1080w, https:\/\/mx1gpbrasil.alperprojetos.com.br\/wp-content\/uploads\/2020\/01\/Events-for-this-Week-3-240x300.png 240w, https:\/\/mx1gpbrasil.alperprojetos.com.br\/wp-content\/uploads\/2020\/01\/Events-for-this-Week-3-819x1024.png 819w, https:\/\/mx1gpbrasil.alperprojetos.com.br\/wp-content\/uploads\/2020\/01\/Events-for-this-Week-3-768x960.png 768w, https:\/\/mx1gpbrasil.alperprojetos.com.br\/wp-content\/uploads\/2020\/01\/Events-for-this-Week-3-102x128.png 102w, https:\/\/mx1gpbrasil.alperprojetos.com.br\/wp-content\/uploads\/2020\/01\/Events-for-this-Week-3-26x32.png 26w, https:\/\/mx1gpbrasil.alperprojetos.com.br\/wp-content\/uploads\/2020\/01\/Events-for-this-Week-3-600x750.png 600w\" sizes=\"auto, (max-width: 1080px) 100vw, 1080px\" \/>\t\t\t\t\t<\/a>\n\t\t\t<\/div>\n<\/div>        <div class=\"qodef-e-content\">\n            <div class=\"qodef-e-info qodef-info--top\">\n                <div class=\"qodef-e-info-item qodef-e-info-category\">\n\t<a href=\"https:\/\/mx1gpbrasil.alperprojetos.com.br\/index.php\/category\/em-alta-no-campeonato\/\" rel=\"category tag\">Em Alta no Campeonato<\/a>, <a href=\"https:\/\/mx1gpbrasil.alperprojetos.com.br\/index.php\/category\/noticias\/\" rel=\"category tag\">Not\u00edcias<\/a><\/div><div itemprop=\"dateCreated\" class=\"qodef-e-info-item qodef-e-info-date entry-date \">\n\t<a itemprop=\"url\" href=\"https:\/\/mx1gpbrasil.alperprojetos.com.br\/index.php\/2020\/01\/\" title=\"Promox divulga calend\u00e1rio oficial do MX1 GP Brasil Sportbay com 10 etapas distribu\u00eddas em todas as regi\u00f5es do Brasil\">janeiro 17, 2020<\/a>\n\t<meta itemprop=\"interactionCount\" content=\"UserComments: 3\"\/>\n<\/div>            <\/div>\n            <div class=\"qodef-e-text\">\n                <h3 itemprop=\"name\" class=\"qodef-e-title entry-title\">\n\t\t\t<a itemprop=\"url\" class=\"qodef-e-title-link\" href=\"https:\/\/mx1gpbrasil.alperprojetos.com.br\/index.php\/2020\/01\/17\/calendario-oficial-do-mx1-gp-brasil-sportbay\/\" title=\"Promox divulga calend\u00e1rio oficial do MX1 GP Brasil Sportbay com 10 etapas distribu\u00eddas em todas as regi\u00f5es do Brasil\">\n\t\t\tPromox divulga calend\u00e1rio oficial do MX1 GP Brasil Sportbay com 10 etapas distribu\u00eddas em todas as regi\u00f5es do Brasil\t\t\t<\/a>\n\t<\/h3>        <p itemprop=\"description\" class=\"qodef-e-excerpt\">\n\t\t\tLorem ipsum dolor sit amet, purto vocent voluptatibus mei eu, ex convenire corrumpit mea, consul postulant ea quo. Ad facete invidunt consequat nam. Sit et primis salutandi, phaedrum repudiandae his ad. Cu dico affert propriae duo, diam tibique eu has. Mea tempor legendos id. Ad movet tractatos dissentias eum.        <\/p>\n\t            <\/div>\n            <div class=\"qodef-e-info qodef-info--bottom\">\n                <div class=\"qodef-e-info-left\">\n                    \t<div class=\"qodef-e-read-more\">\n\t\t<a class=\"qodef-shortcode qodef-m qodef-button qodef-layout--textual qodef-html--link\" href=\"https:\/\/mx1gpbrasil.alperprojetos.com.br\/index.php\/2020\/01\/17\/calendario-oficial-do-mx1-gp-brasil-sportbay\/\" target=\"_self\"  >\t<span class=\"qodef-m-text\">Read More<\/span><\/a>\t<\/div>\n                <\/div>\n                <div class=\"qodef-e-info-right\">\n                    \n                    <\/div>\n            <\/div>\n        <\/div>\n    <\/div>\n<\/article><article class=\"qodef-e qodef-grid-item qodef-item--full post-3722 post type-post status-publish format-standard has-post-thumbnail hentry category-em-alta-no-campeonato category-noticias trending-mx1-gp-brasil\">\n    <div class=\"qodef-e-inner\">\n        <div class=\"qodef-e-media\">\n\t\t<div class=\"qodef-e-media-image\">\n\t\t\t\t\t<a itemprop=\"url\" href=\"https:\/\/mx1gpbrasil.alperprojetos.com.br\/index.php\/2026\/04\/06\/motores-ligados-inscries-abertas-para-a-etapa-de-abertura-do-mx1-gp-brasil-sportbay-em-canelinha-sc\/\" title=\"Motores ligados: Inscri\u00e7\u00f5es abertas para a etapa de abertura do MX1 GP Brasil Sportbay em Canelinha (SC)\">\n\t\t\t\t\t<img loading=\"lazy\" decoding=\"async\" width=\"1080\" height=\"1350\" src=\"https:\/\/mx1gpbrasil.alperprojetos.com.br\/wp-content\/uploads\/2026\/04\/MODELO-MATERIAS-8.png\" class=\"attachment-full size-full wp-post-image\" alt=\"\" srcset=\"https:\/\/mx1gpbrasil.alperprojetos.com.br\/wp-content\/uploads\/2026\/04\/MODELO-MATERIAS-8.png 1080w, https:\/\/mx1gpbrasil.alperprojetos.com.br\/wp-content\/uploads\/2026\/04\/MODELO-MATERIAS-8-240x300.png 240w, https:\/\/mx1gpbrasil.alperprojetos.com.br\/wp-content\/uploads\/2026\/04\/MODELO-MATERIAS-8-819x1024.png 819w, https:\/\/mx1gpbrasil.alperprojetos.com.br\/wp-content\/uploads\/2026\/04\/MODELO-MATERIAS-8-768x960.png 768w, https:\/\/mx1gpbrasil.alperprojetos.com.br\/wp-content\/uploads\/2026\/04\/MODELO-MATERIAS-8-102x128.png 102w, https:\/\/mx1gpbrasil.alperprojetos.com.br\/wp-content\/uploads\/2026\/04\/MODELO-MATERIAS-8-26x32.png 26w, https:\/\/mx1gpbrasil.alperprojetos.com.br\/wp-content\/uploads\/2026\/04\/MODELO-MATERIAS-8-600x750.png 600w\" sizes=\"auto, (max-width: 1080px) 100vw, 1080px\" \/>\t\t\t\t\t<\/a>\n\t\t\t<\/div>\n<\/div>        <div class=\"qodef-e-content\">\n            <div class=\"qodef-e-info qodef-info--top\">\n                <div class=\"qodef-e-info-item qodef-e-info-category\">\n\t<a href=\"https:\/\/mx1gpbrasil.alperprojetos.com.br\/index.php\/category\/em-alta-no-campeonato\/\" rel=\"category tag\">Em Alta no Campeonato<\/a>, <a href=\"https:\/\/mx1gpbrasil.alperprojetos.com.br\/index.php\/category\/noticias\/\" rel=\"category tag\">Not\u00edcias<\/a><\/div><div itemprop=\"dateCreated\" class=\"qodef-e-info-item qodef-e-info-date entry-date \">\n\t<a itemprop=\"url\" href=\"https:\/\/mx1gpbrasil.alperprojetos.com.br\/index.php\/2026\/04\/\" title=\"Motores ligados: Inscri\u00e7\u00f5es abertas para a etapa de abertura do MX1 GP Brasil Sportbay em Canelinha (SC)\">abril 6, 2026<\/a>\n\t<meta itemprop=\"interactionCount\" content=\"UserComments: 0\"\/>\n<\/div>            <\/div>\n            <div class=\"qodef-e-text\">\n                <h3 itemprop=\"name\" class=\"qodef-e-title entry-title\">\n\t\t\t<a itemprop=\"url\" class=\"qodef-e-title-link\" href=\"https:\/\/mx1gpbrasil.alperprojetos.com.br\/index.php\/2026\/04\/06\/motores-ligados-inscries-abertas-para-a-etapa-de-abertura-do-mx1-gp-brasil-sportbay-em-canelinha-sc\/\" title=\"Motores ligados: Inscri\u00e7\u00f5es abertas para a etapa de abertura do MX1 GP Brasil Sportbay em Canelinha (SC)\">\n\t\t\tMotores ligados: Inscri\u00e7\u00f5es abertas para a etapa de abertura do MX1 GP Brasil Sportbay em Canelinha (SC)\t\t\t<\/a>\n\t<\/h3>        <p itemprop=\"description\" class=\"qodef-e-excerpt\">\n\t\t\tLorem ipsum dolor sit amet, purto vocent voluptatibus mei eu, ex convenire corrumpit mea, consul postulant ea quo. Ad facete invidunt consequat nam. Sit et primis salutandi, phaedrum repudiandae his ad. Cu dico affert propriae duo, diam tibique eu has. Mea tempor legendos id. Ad movet tractatos dissentias eum.        <\/p>\n\t            <\/div>\n            <div class=\"qodef-e-info qodef-info--bottom\">\n                <div class=\"qodef-e-info-left\">\n                    \t<div class=\"qodef-e-read-more\">\n\t\t<a class=\"qodef-shortcode qodef-m qodef-button qodef-layout--textual qodef-html--link\" href=\"https:\/\/mx1gpbrasil.alperprojetos.com.br\/index.php\/2026\/04\/06\/motores-ligados-inscries-abertas-para-a-etapa-de-abertura-do-mx1-gp-brasil-sportbay-em-canelinha-sc\/\" target=\"_self\"  >\t<span class=\"qodef-m-text\">Read More<\/span><\/a>\t<\/div>\n                <\/div>\n                <div class=\"qodef-e-info-right\">\n                    \n                    <\/div>\n            <\/div>\n        <\/div>\n    <\/div>\n<\/article><article class=\"qodef-e qodef-grid-item qodef-item--full post-3725 post type-post status-publish format-standard has-post-thumbnail hentry category-em-alta-no-campeonato category-noticias trending-mx1-gp-brasil\">\n    <div class=\"qodef-e-inner\">\n        <div class=\"qodef-e-media\">\n\t\t<div class=\"qodef-e-media-image\">\n\t\t\t\t\t<a itemprop=\"url\" href=\"https:\/\/mx1gpbrasil.alperprojetos.com.br\/index.php\/2026\/04\/06\/mx1-gp-brasil-sportbay-abre-credenciamento-para-profissionais-de-imprensa-em-canelinha-sc\/\" title=\"MX1 GP Brasil Sportbay abre credenciamento para profissionais de imprensa em Canelinha (SC)\">\n\t\t\t\t\t<img loading=\"lazy\" decoding=\"async\" width=\"1080\" height=\"1350\" src=\"https:\/\/mx1gpbrasil.alperprojetos.com.br\/wp-content\/uploads\/2026\/04\/MODELO-MATERIAS-10.png\" class=\"attachment-full size-full wp-post-image\" alt=\"\" srcset=\"https:\/\/mx1gpbrasil.alperprojetos.com.br\/wp-content\/uploads\/2026\/04\/MODELO-MATERIAS-10.png 1080w, https:\/\/mx1gpbrasil.alperprojetos.com.br\/wp-content\/uploads\/2026\/04\/MODELO-MATERIAS-10-240x300.png 240w, https:\/\/mx1gpbrasil.alperprojetos.com.br\/wp-content\/uploads\/2026\/04\/MODELO-MATERIAS-10-819x1024.png 819w, https:\/\/mx1gpbrasil.alperprojetos.com.br\/wp-content\/uploads\/2026\/04\/MODELO-MATERIAS-10-768x960.png 768w, https:\/\/mx1gpbrasil.alperprojetos.com.br\/wp-content\/uploads\/2026\/04\/MODELO-MATERIAS-10-102x128.png 102w, https:\/\/mx1gpbrasil.alperprojetos.com.br\/wp-content\/uploads\/2026\/04\/MODELO-MATERIAS-10-26x32.png 26w, https:\/\/mx1gpbrasil.alperprojetos.com.br\/wp-content\/uploads\/2026\/04\/MODELO-MATERIAS-10-600x750.png 600w\" sizes=\"auto, (max-width: 1080px) 100vw, 1080px\" \/>\t\t\t\t\t<\/a>\n\t\t\t<\/div>\n<\/div>        <div class=\"qodef-e-content\">\n            <div class=\"qodef-e-info qodef-info--top\">\n                <div class=\"qodef-e-info-item qodef-e-info-category\">\n\t<a href=\"https:\/\/mx1gpbrasil.alperprojetos.com.br\/index.php\/category\/em-alta-no-campeonato\/\" rel=\"category tag\">Em Alta no Campeonato<\/a>, <a href=\"https:\/\/mx1gpbrasil.alperprojetos.com.br\/index.php\/category\/noticias\/\" rel=\"category tag\">Not\u00edcias<\/a><\/div><div itemprop=\"dateCreated\" class=\"qodef-e-info-item qodef-e-info-date entry-date \">\n\t<a itemprop=\"url\" href=\"https:\/\/mx1gpbrasil.alperprojetos.com.br\/index.php\/2026\/04\/\" title=\"MX1 GP Brasil Sportbay abre credenciamento para profissionais de imprensa em Canelinha (SC)\">abril 6, 2026<\/a>\n\t<meta itemprop=\"interactionCount\" content=\"UserComments: 0\"\/>\n<\/div>            <\/div>\n            <div class=\"qodef-e-text\">\n                <h3 itemprop=\"name\" class=\"qodef-e-title entry-title\">\n\t\t\t<a itemprop=\"url\" class=\"qodef-e-title-link\" href=\"https:\/\/mx1gpbrasil.alperprojetos.com.br\/index.php\/2026\/04\/06\/mx1-gp-brasil-sportbay-abre-credenciamento-para-profissionais-de-imprensa-em-canelinha-sc\/\" title=\"MX1 GP Brasil Sportbay abre credenciamento para profissionais de imprensa em Canelinha (SC)\">\n\t\t\tMX1 GP Brasil Sportbay abre credenciamento para profissionais de imprensa em Canelinha (SC)\t\t\t<\/a>\n\t<\/h3>        <p itemprop=\"description\" class=\"qodef-e-excerpt\">\n\t\t\tLorem ipsum dolor sit amet, purto vocent voluptatibus mei eu, ex convenire corrumpit mea, consul postulant ea quo. Ad facete invidunt consequat nam. Sit et primis salutandi, phaedrum repudiandae his ad. Cu dico affert propriae duo, diam tibique eu has. Mea tempor legendos id. Ad movet tractatos dissentias eum.        <\/p>\n\t            <\/div>\n            <div class=\"qodef-e-info qodef-info--bottom\">\n                <div class=\"qodef-e-info-left\">\n                    \t<div class=\"qodef-e-read-more\">\n\t\t<a class=\"qodef-shortcode qodef-m qodef-button qodef-layout--textual qodef-html--link\" href=\"https:\/\/mx1gpbrasil.alperprojetos.com.br\/index.php\/2026\/04\/06\/mx1-gp-brasil-sportbay-abre-credenciamento-para-profissionais-de-imprensa-em-canelinha-sc\/\" target=\"_self\"  >\t<span class=\"qodef-m-text\">Read More<\/span><\/a>\t<\/div>\n                <\/div>\n                <div class=\"qodef-e-info-right\">\n                    \n                    <\/div>\n            <\/div>\n        <\/div>\n    <\/div>\n<\/article><article class=\"qodef-e qodef-grid-item qodef-item--full post-3729 post type-post status-publish format-standard has-post-thumbnail hentry category-em-alta-no-campeonato category-noticias trending-mx1-gp-brasil\">\n    <div class=\"qodef-e-inner\">\n        <div class=\"qodef-e-media\">\n\t\t<div class=\"qodef-e-media-image\">\n\t\t\t\t\t<a itemprop=\"url\" href=\"https:\/\/mx1gpbrasil.alperprojetos.com.br\/index.php\/2026\/04\/06\/o-brasil-no-centro-do-continente-sul-americano-de-motocross-ser-disputado-em-cinco-etapas-junto-ao-mx1-gp-brasil-sportbay-2026\/\" title=\"O Brasil no centro do continente: Sul-Americano de Motocross ser\u00e1 disputado em cinco etapas junto ao MX1 GP Brasil Sportbay 2026\">\n\t\t\t\t\t<img loading=\"lazy\" decoding=\"async\" width=\"1080\" height=\"1350\" src=\"https:\/\/mx1gpbrasil.alperprojetos.com.br\/wp-content\/uploads\/2026\/04\/MODELO-MATERIAS-15.png\" class=\"attachment-full size-full wp-post-image\" alt=\"\" srcset=\"https:\/\/mx1gpbrasil.alperprojetos.com.br\/wp-content\/uploads\/2026\/04\/MODELO-MATERIAS-15.png 1080w, https:\/\/mx1gpbrasil.alperprojetos.com.br\/wp-content\/uploads\/2026\/04\/MODELO-MATERIAS-15-240x300.png 240w, https:\/\/mx1gpbrasil.alperprojetos.com.br\/wp-content\/uploads\/2026\/04\/MODELO-MATERIAS-15-819x1024.png 819w, https:\/\/mx1gpbrasil.alperprojetos.com.br\/wp-content\/uploads\/2026\/04\/MODELO-MATERIAS-15-768x960.png 768w, https:\/\/mx1gpbrasil.alperprojetos.com.br\/wp-content\/uploads\/2026\/04\/MODELO-MATERIAS-15-102x128.png 102w, https:\/\/mx1gpbrasil.alperprojetos.com.br\/wp-content\/uploads\/2026\/04\/MODELO-MATERIAS-15-26x32.png 26w, https:\/\/mx1gpbrasil.alperprojetos.com.br\/wp-content\/uploads\/2026\/04\/MODELO-MATERIAS-15-600x750.png 600w\" sizes=\"auto, (max-width: 1080px) 100vw, 1080px\" \/>\t\t\t\t\t<\/a>\n\t\t\t<\/div>\n<\/div>        <div class=\"qodef-e-content\">\n            <div class=\"qodef-e-info qodef-info--top\">\n                <div class=\"qodef-e-info-item qodef-e-info-category\">\n\t<a href=\"https:\/\/mx1gpbrasil.alperprojetos.com.br\/index.php\/category\/em-alta-no-campeonato\/\" rel=\"category tag\">Em Alta no Campeonato<\/a>, <a href=\"https:\/\/mx1gpbrasil.alperprojetos.com.br\/index.php\/category\/noticias\/\" rel=\"category tag\">Not\u00edcias<\/a><\/div><div itemprop=\"dateCreated\" class=\"qodef-e-info-item qodef-e-info-date entry-date \">\n\t<a itemprop=\"url\" href=\"https:\/\/mx1gpbrasil.alperprojetos.com.br\/index.php\/2026\/04\/\" title=\"O Brasil no centro do continente: Sul-Americano de Motocross ser\u00e1 disputado em cinco etapas junto ao MX1 GP Brasil Sportbay 2026\">abril 6, 2026<\/a>\n\t<meta itemprop=\"interactionCount\" content=\"UserComments: 0\"\/>\n<\/div>            <\/div>\n            <div class=\"qodef-e-text\">\n                <h3 itemprop=\"name\" class=\"qodef-e-title entry-title\">\n\t\t\t<a itemprop=\"url\" class=\"qodef-e-title-link\" href=\"https:\/\/mx1gpbrasil.alperprojetos.com.br\/index.php\/2026\/04\/06\/o-brasil-no-centro-do-continente-sul-americano-de-motocross-ser-disputado-em-cinco-etapas-junto-ao-mx1-gp-brasil-sportbay-2026\/\" title=\"O Brasil no centro do continente: Sul-Americano de Motocross ser\u00e1 disputado em cinco etapas junto ao MX1 GP Brasil Sportbay 2026\">\n\t\t\tO Brasil no centro do continente: Sul-Americano de Motocross ser\u00e1 disputado em cinco etapas junto ao MX1 GP Brasil Sportbay 2026\t\t\t<\/a>\n\t<\/h3>        <p itemprop=\"description\" class=\"qodef-e-excerpt\">\n\t\t\tLorem ipsum dolor sit amet, purto vocent voluptatibus mei eu, ex convenire corrumpit mea, consul postulant ea quo. Ad facete invidunt consequat nam. Sit et primis salutandi, phaedrum repudiandae his ad. Cu dico affert propriae duo, diam tibique eu has. Mea tempor legendos id. Ad movet tractatos dissentias eum.        <\/p>\n\t            <\/div>\n            <div class=\"qodef-e-info qodef-info--bottom\">\n                <div class=\"qodef-e-info-left\">\n                    \t<div class=\"qodef-e-read-more\">\n\t\t<a class=\"qodef-shortcode qodef-m qodef-button qodef-layout--textual qodef-html--link\" href=\"https:\/\/mx1gpbrasil.alperprojetos.com.br\/index.php\/2026\/04\/06\/o-brasil-no-centro-do-continente-sul-americano-de-motocross-ser-disputado-em-cinco-etapas-junto-ao-mx1-gp-brasil-sportbay-2026\/\" target=\"_self\"  >\t<span class=\"qodef-m-text\">Read More<\/span><\/a>\t<\/div>\n                <\/div>\n                <div class=\"qodef-e-info-right\">\n                    \n                    <\/div>\n            <\/div>\n        <\/div>\n    <\/div>\n<\/article>\t<\/div>\n\t<\/div>[\/vc_column][\/vc_row]<\/p>\n<\/div>","protected":false},"excerpt":{"rendered":"<p>[vc_row][vc_column css=&#8221;.vc_custom_1584115011375{padding-bottom: 0px !important;}&#8221; column_responsive_padding_1440=&#8221;0 15px 40px&#8221;][\/vc_column][\/vc_row]<\/p>\n","protected":false},"author":1,"featured_media":0,"parent":0,"menu_order":0,"comment_status":"closed","ping_status":"closed","template":"","meta":{"footnotes":""},"class_list":["post-387","page","type-page","status-publish","hentry"],"_links":{"self":[{"href":"https:\/\/mx1gpbrasil.alperprojetos.com.br\/index.php\/wp-json\/wp\/v2\/pages\/387","targetHints":{"allow":["GET"]}}],"collection":[{"href":"https:\/\/mx1gpbrasil.alperprojetos.com.br\/index.php\/wp-json\/wp\/v2\/pages"}],"about":[{"href":"https:\/\/mx1gpbrasil.alperprojetos.com.br\/index.php\/wp-json\/wp\/v2\/types\/page"}],"author":[{"embeddable":true,"href":"https:\/\/mx1gpbrasil.alperprojetos.com.br\/index.php\/wp-json\/wp\/v2\/users\/1"}],"replies":[{"embeddable":true,"href":"https:\/\/mx1gpbrasil.alperprojetos.com.br\/index.php\/wp-json\/wp\/v2\/comments?post=387"}],"version-history":[{"count":2,"href":"https:\/\/mx1gpbrasil.alperprojetos.com.br\/index.php\/wp-json\/wp\/v2\/pages\/387\/revisions"}],"predecessor-version":[{"id":3832,"href":"https:\/\/mx1gpbrasil.alperprojetos.com.br\/index.php\/wp-json\/wp\/v2\/pages\/387\/revisions\/3832"}],"wp:attachment":[{"href":"https:\/\/mx1gpbrasil.alperprojetos.com.br\/index.php\/wp-json\/wp\/v2\/media?parent=387"}],"curies":[{"name":"wp","href":"https:\/\/api.w.org\/{rel}","templated":true}]}}